{"id":531,"date":"2022-09-15T10:19:43","date_gmt":"2022-09-15T10:19:43","guid":{"rendered":"https:\/\/demosites.royal-elementor-addons.com\/travel-agency-v1\/?page_id=531"},"modified":"2023-08-23T20:34:05","modified_gmt":"2023-08-23T20:34:05","slug":"politicas","status":"publish","type":"page","link":"https:\/\/ecoterraviajes.com\/index.php\/politicas\/","title":{"rendered":"Politicas"},"content":{"rendered":"\t\t<div data-elementor-type=\"wp-page\" data-elementor-id=\"531\" class=\"elementor elementor-531\">\n\t\t\t\t\t\t<section class=\"elementor-section elementor-top-section elementor-element elementor-element-17232ce elementor-section-height-min-height elementor-section-boxed elementor-section-height-default elementor-section-items-middle wpr-particle-no wpr-jarallax-no wpr-parallax-no wpr-sticky-section-no\" data-id=\"17232ce\" data-element_type=\"section\" data-settings=\"{&quot;background_background&quot;:&quot;classic&quot;,&quot;shape_divider_bottom&quot;:&quot;wave-brush&quot;}\">\n\t\t\t\t\t\t\t<div class=\"elementor-background-overlay\"><\/div>\n\t\t\t\t\t\t<div class=\"elementor-shape elementor-shape-bottom\" data-negative=\"false\">\n\t\t\t<svg xmlns=\"http:\/\/www.w3.org\/2000\/svg\" viewBox=\"0 0 283.5 27.8\" preserveAspectRatio=\"none\">\n\t<path class=\"elementor-shape-fill\" d=\"M283.5,9.7c0,0-7.3,4.3-14,4.6c-6.8,0.3-12.6,0-20.9-1.5c-11.3-2-33.1-10.1-44.7-5.7\ts-12.1,4.6-18,7.4c-6.6,3.2-20,9.6-36.6,9.3C131.6,23.5,99.5,7.2,86.3,8c-1.4,0.1-6.6,0.8-10.5,2c-3.8,1.2-9.4,3.8-17,4.7\tc-3.2,0.4-8.3,1.1-14.2,0.9c-1.5-0.1-6.3-0.4-12-1.6c-5.7-1.2-11-3.1-15.8-3.7C6.5,9.2,0,10.8,0,10.8V0h283.5V9.7z M260.8,11.3\tc-0.7-1-2-0.4-4.3-0.4c-2.3,0-6.1-1.2-5.8-1.1c0.3,0.1,3.1,1.5,6,1.9C259.7,12.2,261.4,12.3,260.8,11.3z M242.4,8.6\tc0,0-2.4-0.2-5.6-0.9c-3.2-0.8-10.3-2.8-15.1-3.5c-8.2-1.1-15.8,0-15.1,0.1c0.8,0.1,9.6-0.6,17.6,1.1c3.3,0.7,9.3,2.2,12.4,2.7\tC239.9,8.7,242.4,8.6,242.4,8.6z M185.2,8.5c1.7-0.7-13.3,4.7-18.5,6.1c-2.1,0.6-6.2,1.6-10,2c-3.9,0.4-8.9,0.4-8.8,0.5\tc0,0.2,5.8,0.8,11.2,0c5.4-0.8,5.2-1.1,7.6-1.6C170.5,14.7,183.5,9.2,185.2,8.5z M199.1,6.9c0.2,0-0.8-0.4-4.8,1.1\tc-4,1.5-6.7,3.5-6.9,3.7c-0.2,0.1,3.5-1.8,6.6-3C197,7.5,199,6.9,199.1,6.9z M283,6c-0.1,0.1-1.9,1.1-4.8,2.5s-6.9,2.8-6.7,2.7\tc0.2,0,3.5-0.6,7.4-2.5C282.8,6.8,283.1,5.9,283,6z M31.3,11.6c0.1-0.2-1.9-0.2-4.5-1.2s-5.4-1.6-7.8-2C15,7.6,7.3,8.5,7.7,8.6\tC8,8.7,15.9,8.3,20.2,9.3c2.2,0.5,2.4,0.5,5.7,1.6S31.2,11.9,31.3,11.6z M73,9.2c0.4-0.1,3.5-1.6,8.4-2.6c4.9-1.1,8.9-0.5,8.9-0.8\tc0-0.3-1-0.9-6.2-0.3S72.6,9.3,73,9.2z M71.6,6.7C71.8,6.8,75,5.4,77.3,5c2.3-0.3,1.9-0.5,1.9-0.6c0-0.1-1.1-0.2-2.7,0.2\tC74.8,5.1,71.4,6.6,71.6,6.7z M93.6,4.4c0.1,0.2,3.5,0.8,5.6,1.8c2.1,1,1.8,0.6,1.9,0.5c0.1-0.1-0.8-0.8-2.4-1.3\tC97.1,4.8,93.5,4.2,93.6,4.4z M65.4,11.1c-0.1,0.3,0.3,0.5,1.9-0.2s2.6-1.3,2.2-1.2s-0.9,0.4-2.5,0.8C65.3,10.9,65.5,10.8,65.4,11.1\tz M34.5,12.4c-0.2,0,2.1,0.8,3.3,0.9c1.2,0.1,2,0.1,2-0.2c0-0.3-0.1-0.5-1.6-0.4C36.6,12.8,34.7,12.4,34.5,12.4z M152.2,21.1\tc-0.1,0.1-2.4-0.3-7.5-0.3c-5,0-13.6-2.4-17.2-3.5c-3.6-1.1,10,3.9,16.5,4.1C150.5,21.6,152.3,21,152.2,21.1z\"\/>\n\t<path class=\"elementor-shape-fill\" d=\"M269.6,18c-0.1-0.1-4.6,0.3-7.2,0c-7.3-0.7-17-3.2-16.6-2.9c0.4,0.3,13.7,3.1,17,3.3\tC267.7,18.8,269.7,18,269.6,18z\"\/>\n\t<path class=\"elementor-shape-fill\" d=\"M227.4,9.8c-0.2-0.1-4.5-1-9.5-1.2c-5-0.2-12.7,0.6-12.3,0.5c0.3-0.1,5.9-1.8,13.3-1.2\tS227.6,9.9,227.4,9.8z\"\/>\n\t<path class=\"elementor-shape-fill\" d=\"M204.5,13.4c-0.1-0.1,2-1,3.2-1.1c1.2-0.1,2,0,2,0.3c0,0.3-0.1,0.5-1.6,0.4\tC206.4,12.9,204.6,13.5,204.5,13.4z\"\/>\n\t<path class=\"elementor-shape-fill\" d=\"M201,10.6c0-0.1-4.4,1.2-6.3,2.2c-1.9,0.9-6.2,3.1-6.1,3.1c0.1,0.1,4.2-1.6,6.3-2.6\tS201,10.7,201,10.6z\"\/>\n\t<path class=\"elementor-shape-fill\" d=\"M154.5,26.7c-0.1-0.1-4.6,0.3-7.2,0c-7.3-0.7-17-3.2-16.6-2.9c0.4,0.3,13.7,3.1,17,3.3\tC152.6,27.5,154.6,26.8,154.5,26.7z\"\/>\n\t<path class=\"elementor-shape-fill\" d=\"M41.9,19.3c0,0,1.2-0.3,2.9-0.1c1.7,0.2,5.8,0.9,8.2,0.7c4.2-0.4,7.4-2.7,7-2.6\tc-0.4,0-4.3,2.2-8.6,1.9c-1.8-0.1-5.1-0.5-6.7-0.4S41.9,19.3,41.9,19.3z\"\/>\n\t<path class=\"elementor-shape-fill\" d=\"M75.5,12.6c0.2,0.1,2-0.8,4.3-1.1c2.3-0.2,2.1-0.3,2.1-0.5c0-0.1-1.8-0.4-3.4,0\tC76.9,11.5,75.3,12.5,75.5,12.6z\"\/>\n\t<path class=\"elementor-shape-fill\" d=\"M15.6,13.2c0-0.1,4.3,0,6.7,0.5c2.4,0.5,5,1.9,5,2c0,0.1-2.7-0.8-5.1-1.4\tC19.9,13.7,15.7,13.3,15.6,13.2z\"\/>\n<\/svg>\t\t<\/div>\n\t\t\t\t\t<div class=\"elementor-container elementor-column-gap-default\">\n\t\t\t\t\t<div class=\"elementor-column elementor-col-100 elementor-top-column elementor-element elementor-element-a99aaac\" data-id=\"a99aaac\" data-element_type=\"column\">\n\t\t\t<div class=\"elementor-widget-wrap elementor-element-populated\">\n\t\t\t\t\t\t<div class=\"elementor-element elementor-element-d46af4d elementor-widget elementor-widget-heading\" data-id=\"d46af4d\" data-element_type=\"widget\" data-widget_type=\"heading.default\">\n\t\t\t\t<div class=\"elementor-widget-container\">\n\t\t\t\t\t<h2 class=\"elementor-heading-title elementor-size-default\">Politicas<\/h2>\t\t\t\t<\/div>\n\t\t\t\t<\/div>\n\t\t\t\t\t<\/div>\n\t\t<\/div>\n\t\t\t\t\t<\/div>\n\t\t<\/section>\n\t\t\t\t<section class=\"elementor-section elementor-top-section elementor-element elementor-element-d7f6812 elementor-section-boxed elementor-section-height-default elementor-section-height-default wpr-particle-no wpr-jarallax-no wpr-parallax-no wpr-sticky-section-no\" data-id=\"d7f6812\" data-element_type=\"section\">\n\t\t\t\t\t\t<div class=\"elementor-container elementor-column-gap-default\">\n\t\t\t\t\t<div class=\"elementor-column elementor-col-100 elementor-top-column elementor-element elementor-element-4fe6522\" data-id=\"4fe6522\" data-element_type=\"column\">\n\t\t\t<div class=\"elementor-widget-wrap elementor-element-populated\">\n\t\t\t\t\t\t<div class=\"elementor-element elementor-element-cd7b2f0 elementor-widget elementor-widget-heading\" data-id=\"cd7b2f0\" data-element_type=\"widget\" data-widget_type=\"heading.default\">\n\t\t\t\t<div class=\"elementor-widget-container\">\n\t\t\t\t\t<h2 class=\"elementor-heading-title elementor-size-default\">Politicas Generales<\/h2>\t\t\t\t<\/div>\n\t\t\t\t<\/div>\n\t\t\t\t\t<\/div>\n\t\t<\/div>\n\t\t\t\t\t<\/div>\n\t\t<\/section>\n\t\t\t\t<section class=\"elementor-section elementor-top-section elementor-element elementor-element-76a5e3f elementor-section-boxed elementor-section-height-default elementor-section-height-default wpr-particle-no wpr-jarallax-no wpr-parallax-no wpr-sticky-section-no\" data-id=\"76a5e3f\" data-element_type=\"section\">\n\t\t\t\t\t\t<div class=\"elementor-container elementor-column-gap-wide\">\n\t\t\t\t\t<div class=\"elementor-column elementor-col-100 elementor-top-column elementor-element elementor-element-8b5d88b\" data-id=\"8b5d88b\" data-element_type=\"column\">\n\t\t\t<div class=\"elementor-widget-wrap elementor-element-populated\">\n\t\t\t\t\t\t<div class=\"elementor-element elementor-element-0056936 wpr-testimonial-slider-columns-1 wpr-testimonial-slider-columns--tablet1 wpr-testimonial-meta-position-top wpr-testimonial-slider-columns--mobile1 wpr-testimonial-rating-style_2 wpr-testimonial-meta-align-center wpr-testimonial-image-position-center elementor-invisible elementor-widget elementor-widget-wpr-testimonial\" data-id=\"0056936\" data-element_type=\"widget\" data-settings=\"{&quot;testimonial_amount&quot;:&quot;1&quot;,&quot;testimonial_amount_tablet&quot;:&quot;1&quot;,&quot;_animation&quot;:&quot;fadeIn&quot;,&quot;testimonial_amount_mobile&quot;:1,&quot;testimonial_slides_to_scroll&quot;:2,&quot;testimonial_loop&quot;:&quot;yes&quot;}\" data-widget_type=\"wpr-testimonial.default\">\n\t\t\t\t<div class=\"elementor-widget-container\">\n\t\t\t\t\t\t\t<div class=\"wpr-testimonial-carousel-wrap\">\n\t\t\t\n\t\t\t<div class=\"wpr-testimonial-carousel\" dir=\"ltr\" data-slick=\"{&quot;rtl&quot;:false,&quot;infinite&quot;:true,&quot;speed&quot;:700,&quot;arrows&quot;:true,&quot;dots&quot;:true,&quot;autoplay&quot;:false,&quot;autoplaySpeed&quot;:0,&quot;pauseOnHover&quot;:&quot;&quot;,&quot;prevArrow&quot;:&quot;#wpr-testimonial-prev-0056936&quot;,&quot;nextArrow&quot;:&quot;#wpr-testimonial-next-0056936&quot;,&quot;sliderSlidesToScroll&quot;:2}\" data-slide-effect=\"slide\">\n\t\t\t\t\t\n\t\t\t\t\t\n\t\t\t\t\t\t\t\t\t\t\t\n\t\t\t\t\t\t<div class=\"wpr-testimonial-item elementor-repeater-item-b40742f elementor-clearfix\">\n\t\t\t\t\t\t\t\n\t\t\t\t\t\t\t<div class=\"wpr-testimonial-meta elementor-clearfix\">\n\t\t\t\t\t\t\t\t<div class=\"wpr-testimonial-meta-inner\">\n\t\t\t\t\t\t\t\t\n\t\t\n\t\t\t\n\t\t<div class=\"wpr-testimonial-meta-content-wrap\">\n\t\t\t\t\t\t\t<div class=\"wpr-testimonial-name\">Pol\u00edtica de Reservaciones y Cancelaciones:<\/div>\n\t\t\t\n\t\t\t\n\t\t\t\n\t\t<\/div>\n\t\t\t\t\t\t\t\t\t\t<\/div>\n\t\t\t\t\t\t\t<\/div>\n\n\t\t\t\t\t\t\t\n\t\t<div class=\"wpr-testimonial-content-wrap\">\n\t\t\t<div class=\"wpr-testimonial-content-inner\">\n\t\t\t\n\t\t\t\n\t\t\t\t\t\t\t\t\n\n\t\t\t<div class=\"wpr-testimonial-rating\">\n\t\t\t\n\n                                                            <i class=\"wpr-rating-icon-full\">&#9734;<\/i>\n                                    \n\n\t     \t\n\n                                                            <i class=\"wpr-rating-icon-full\">&#9734;<\/i>\n                                    \n\n\t     \t\n\n                                                            <i class=\"wpr-rating-icon-full\">&#9734;<\/i>\n                                    \n\n\t     \t\n\n                                                            <i class=\"wpr-rating-icon-full\">&#9734;<\/i>\n                                    \n\n\t     \t\n\n                                                            <i class=\"wpr-rating-icon-full\">&#9734;<\/i>\n                                    \n\n\t     \t\n\t     \t\t\t\t<\/div>\n\n\t\t\t\t\n\t\t\t\t\t\t\t<div class=\"wpr-testimonial-content\">\n\t\t\t\t\t\n\t\t\t\t\t<p><ul><li>Las reservas deben confirmarse mediante un dep\u00f3sito.<\/li><li>Las cancelaciones pueden estar sujetas a cargos seg\u00fan la antelaci\u00f3n.<\/li><li>Se pueden aplicar reembolsos o cambios seg\u00fan las condiciones del proveedor y el tipo de reserva.<\/li><\/ul><\/p>\n\t\t\t\t<\/div>\n\t\t\t\n\t\t\t\n\t\t\t\t\t\t<\/div>\n\t\t<\/div>\n\n\t    \n\t\t\t\t\t\t\t\n\t\t\t\t\t\t<\/div>\n\t\t\t\t\t\t\n\t\t\t\t\t\t\t\t\t\t\t\n\t\t\t\t\t\t<div class=\"wpr-testimonial-item elementor-repeater-item-88ba690 elementor-clearfix\">\n\t\t\t\t\t\t\t\n\t\t\t\t\t\t\t<div class=\"wpr-testimonial-meta elementor-clearfix\">\n\t\t\t\t\t\t\t\t<div class=\"wpr-testimonial-meta-inner\">\n\t\t\t\t\t\t\t\t\n\t\t\n\t\t\t\n\t\t<div class=\"wpr-testimonial-meta-content-wrap\">\n\t\t\t\t\t\t\t<div class=\"wpr-testimonial-name\">Pol\u00edtica de Pago:<\/div>\n\t\t\t\n\t\t\t\n\t\t\t\n\t\t<\/div>\n\t\t\t\t\t\t\t\t\t\t<\/div>\n\t\t\t\t\t\t\t<\/div>\n\n\t\t\t\t\t\t\t\n\t\t<div class=\"wpr-testimonial-content-wrap\">\n\t\t\t<div class=\"wpr-testimonial-content-inner\">\n\t\t\t\n\t\t\t\n\t\t\t\t\t\t\t\t\n\n\t\t\t<div class=\"wpr-testimonial-rating\">\n\t\t\t\n\n                                                            <i class=\"wpr-rating-icon-full\">&#9734;<\/i>\n                                    \n\n\t     \t\n\n                                                            <i class=\"wpr-rating-icon-full\">&#9734;<\/i>\n                                    \n\n\t     \t\n\n                                                            <i class=\"wpr-rating-icon-full\">&#9734;<\/i>\n                                    \n\n\t     \t\n\n                                                            <i class=\"wpr-rating-icon-full\">&#9734;<\/i>\n                                    \n\n\t     \t\n\n                                                            <i class=\"wpr-rating-icon-full\">&#9734;<\/i>\n                                    \n\n\t     \t\n\t     \t\t\t\t<\/div>\n\n\t\t\t\t\n\t\t\t\t\t\t\t<div class=\"wpr-testimonial-content\">\n\t\t\t\t\t\n\t\t\t\t\t<p><ul><li>Los pagos deben efectuarse seg\u00fan los plazos acordados.<\/li><li>Se pueden aceptar diversos m\u00e9todos de pago, como tarjetas de cr\u00e9dito, transferencias bancarias, y efectivo.<\/li><li>Los precios est\u00e1n sujetos a cambios antes de la confirmaci\u00f3n de la reserva.<\/li><\/ul><\/p>\n\t\t\t\t<\/div>\n\t\t\t\n\t\t\t\n\t\t\t\t\t\t<\/div>\n\t\t<\/div>\n\n\t    \n\t\t\t\t\t\t\t\n\t\t\t\t\t\t<\/div>\n\t\t\t\t\t\t\n\t\t\t\t\t\t\t\t\t\t\t\n\t\t\t\t\t\t<div class=\"wpr-testimonial-item elementor-repeater-item-4ccc08e elementor-clearfix\">\n\t\t\t\t\t\t\t\n\t\t\t\t\t\t\t<div class=\"wpr-testimonial-meta elementor-clearfix\">\n\t\t\t\t\t\t\t\t<div class=\"wpr-testimonial-meta-inner\">\n\t\t\t\t\t\t\t\t\n\t\t\n\t\t\t\n\t\t<div class=\"wpr-testimonial-meta-content-wrap\">\n\t\t\t\t\t\t\t<div class=\"wpr-testimonial-name\">Pol\u00edtica de Responsabilidad:<\/div>\n\t\t\t\n\t\t\t\n\t\t\t\n\t\t<\/div>\n\t\t\t\t\t\t\t\t\t\t<\/div>\n\t\t\t\t\t\t\t<\/div>\n\n\t\t\t\t\t\t\t\n\t\t<div class=\"wpr-testimonial-content-wrap\">\n\t\t\t<div class=\"wpr-testimonial-content-inner\">\n\t\t\t\n\t\t\t\n\t\t\t\t\t\t\t\t\n\n\t\t\t<div class=\"wpr-testimonial-rating\">\n\t\t\t\n\n                                                            <i class=\"wpr-rating-icon-full\">&#9734;<\/i>\n                                    \n\n\t     \t\n\n                                                            <i class=\"wpr-rating-icon-full\">&#9734;<\/i>\n                                    \n\n\t     \t\n\n                                                            <i class=\"wpr-rating-icon-full\">&#9734;<\/i>\n                                    \n\n\t     \t\n\n                                                            <i class=\"wpr-rating-icon-full\">&#9734;<\/i>\n                                    \n\n\t     \t\n\n                                                            <i class=\"wpr-rating-icon-empty\">&#9734;<\/i>\n                                    \n\n\t     \t\n\t     \t\t\t\t<\/div>\n\n\t\t\t\t\n\t\t\t\t\t\t\t<div class=\"wpr-testimonial-content\">\n\t\t\t\t\t\n\t\t\t\t\t<p><ul><li>La agencia act\u00faa como intermediario entre los clientes y los proveedores.<\/li><li>No se hace responsable por problemas fuera de su control, como retrasos en vuelos, cambios de itinerario o condiciones clim\u00e1ticas adversas.<\/li><li>Se recomienda a los clientes considerar un seguro de viaje.<\/li><\/ul><\/p>\n\t\t\t\t<\/div>\n\t\t\t\n\t\t\t\n\t\t\t\t\t\t<\/div>\n\t\t<\/div>\n\n\t    \n\t\t\t\t\t\t\t\n\t\t\t\t\t\t<\/div>\n\t\t\t\t\t\t\n\t\t\t\t\t\t\t\t\t\t\t\n\t\t\t\t\t\t<div class=\"wpr-testimonial-item elementor-repeater-item-8a96fe9 elementor-clearfix\">\n\t\t\t\t\t\t\t\n\t\t\t\t\t\t\t<div class=\"wpr-testimonial-meta elementor-clearfix\">\n\t\t\t\t\t\t\t\t<div class=\"wpr-testimonial-meta-inner\">\n\t\t\t\t\t\t\t\t\n\t\t\n\t\t\t\n\t\t<div class=\"wpr-testimonial-meta-content-wrap\">\n\t\t\t\t\t\t\t<div class=\"wpr-testimonial-name\">Pol\u00edtica de Privacidad:<\/div>\n\t\t\t\n\t\t\t\n\t\t\t\n\t\t<\/div>\n\t\t\t\t\t\t\t\t\t\t<\/div>\n\t\t\t\t\t\t\t<\/div>\n\n\t\t\t\t\t\t\t\n\t\t<div class=\"wpr-testimonial-content-wrap\">\n\t\t\t<div class=\"wpr-testimonial-content-inner\">\n\t\t\t\n\t\t\t\n\t\t\t\t\t\t\t\t\n\n\t\t\t<div class=\"wpr-testimonial-rating\">\n\t\t\t\n\n                                                            <i class=\"wpr-rating-icon-full\">&#9734;<\/i>\n                                    \n\n\t     \t\n\n                                                            <i class=\"wpr-rating-icon-full\">&#9734;<\/i>\n                                    \n\n\t     \t\n\n                                                            <i class=\"wpr-rating-icon-full\">&#9734;<\/i>\n                                    \n\n\t     \t\n\n                                                            <i class=\"wpr-rating-icon-5\">&#9734;<\/i>\n                                    \n\n\t     \t\n\n                                                            <i class=\"wpr-rating-icon-empty\">&#9734;<\/i>\n                                    \n\n\t     \t\n\t     \t\t\t\t<\/div>\n\n\t\t\t\t\n\t\t\t\t\t\t\t<div class=\"wpr-testimonial-content\">\n\t\t\t\t\t\n\t\t\t\t\t<p><p>La agencia respeta la privacidad de los clientes y protege sus datos personales seg\u00fan las regulaciones vigentes. Los datos recopilados se utilizan \u00fanicamente para fines de reserva y comunicaci\u00f3n relacionada con el viaje, y no se comparten con terceros sin consentimiento.<\/p><\/p>\n\t\t\t\t<\/div>\n\t\t\t\n\t\t\t\n\t\t\t\t\t\t<\/div>\n\t\t<\/div>\n\n\t    \n\t\t\t\t\t\t\t\n\t\t\t\t\t\t<\/div>\n\t\t\t\t\t\t\t\t\t<\/div>\n\n\t\t\t<div class=\"wpr-testimonial-controls\">\n\t\t\t\t<div class=\"wpr-testimonial-dots\"><\/div>\n\t\t\t<\/div>\n\n\t\t\t<div class=\"wpr-testimonial-arrow-container\">\n\t\t\t\t<div class=\"wpr-testimonial-prev-arrow wpr-testimonial-arrow\" id=\"wpr-testimonial-prev-0056936\">\n\t\t\t\t\t<svg version=\"1.1\" xmlns=\"http:\/\/www.w3.org\/2000\/svg\" xmlns:xlink=\"http:\/\/www.w3.org\/1999\/xlink\" x=\"0px\" y=\"0px\" viewBox=\"0 0 283.4 512\" style=\"enable-background:new 0 0 283.4 512;\" xml:space=\"preserve\"><g><polygon class=\"st0\" points=\"54.5,256.3 283.4,485.1 256.1,512.5 0,256.3 0,256.3 27.2,229 256.1,0 283.4,27.4 \"\/><\/g><\/svg>\t\t\t\t<\/div>\n\t\t\t\t<div class=\"wpr-testimonial-next-arrow wpr-testimonial-arrow\" id=\"wpr-testimonial-next-0056936\">\n\t\t\t\t\t<svg version=\"1.1\" xmlns=\"http:\/\/www.w3.org\/2000\/svg\" xmlns:xlink=\"http:\/\/www.w3.org\/1999\/xlink\" x=\"0px\" y=\"0px\" viewBox=\"0 0 283.4 512\" style=\"enable-background:new 0 0 283.4 512;\" xml:space=\"preserve\"><g><polygon class=\"st0\" points=\"54.5,256.3 283.4,485.1 256.1,512.5 0,256.3 0,256.3 27.2,229 256.1,0 283.4,27.4 \"\/><\/g><\/svg>\t\t\t\t<\/div>\n\t\t\t<\/div>\n\t\t<\/div>\n\n\t\t\t\t\t<\/div>\n\t\t\t\t<\/div>\n\t\t\t\t\t<\/div>\n\t\t<\/div>\n\t\t\t\t\t<\/div>\n\t\t<\/section>\n\t\t\t\t<section class=\"elementor-section elementor-top-section elementor-element elementor-element-81502df elementor-section-boxed elementor-section-height-default elementor-section-height-default wpr-particle-no wpr-jarallax-no wpr-parallax-no wpr-sticky-section-no\" data-id=\"81502df\" data-element_type=\"section\">\n\t\t\t\t\t\t<div class=\"elementor-container elementor-column-gap-default\">\n\t\t\t\t\t<div class=\"elementor-column elementor-col-100 elementor-top-column elementor-element elementor-element-5d3382e\" data-id=\"5d3382e\" data-element_type=\"column\">\n\t\t\t<div class=\"elementor-widget-wrap elementor-element-populated\">\n\t\t\t\t\t\t<section class=\"elementor-section elementor-inner-section elementor-element elementor-element-01dc30c elementor-section-boxed elementor-section-height-default elementor-section-height-default wpr-particle-no wpr-jarallax-no wpr-parallax-no wpr-sticky-section-no\" data-id=\"01dc30c\" data-element_type=\"section\">\n\t\t\t\t\t\t<div class=\"elementor-container elementor-column-gap-default\">\n\t\t\t\t\t<div class=\"elementor-column elementor-col-50 elementor-inner-column elementor-element elementor-element-a331d07\" data-id=\"a331d07\" data-element_type=\"column\">\n\t\t\t<div class=\"elementor-widget-wrap elementor-element-populated\">\n\t\t\t\t\t\t<div class=\"elementor-element elementor-element-f880351 elementor-widget__width-initial elementor-arrows-position-inside elementor-pagination-position-outside elementor-widget elementor-widget-image-carousel\" data-id=\"f880351\" data-element_type=\"widget\" data-settings=\"{&quot;slides_to_show&quot;:&quot;1&quot;,&quot;lazyload&quot;:&quot;yes&quot;,&quot;autoplay_speed&quot;:1000,&quot;navigation&quot;:&quot;both&quot;,&quot;autoplay&quot;:&quot;yes&quot;,&quot;pause_on_hover&quot;:&quot;yes&quot;,&quot;pause_on_interaction&quot;:&quot;yes&quot;,&quot;infinite&quot;:&quot;yes&quot;,&quot;effect&quot;:&quot;slide&quot;,&quot;speed&quot;:500}\" data-widget_type=\"image-carousel.default\">\n\t\t\t\t<div class=\"elementor-widget-container\">\n\t\t\t\t\t\t\t<div class=\"elementor-image-carousel-wrapper swiper\" role=\"region\" aria-roledescription=\"carousel\" aria-label=\"Image Carousel\" dir=\"ltr\">\n\t\t\t<div class=\"elementor-image-carousel swiper-wrapper\" aria-live=\"off\">\n\t\t\t\t\t\t\t\t<div class=\"swiper-slide\" role=\"group\" aria-roledescription=\"slide\" aria-label=\"1 of 3\"><figure class=\"swiper-slide-inner\"><img class=\"swiper-slide-image swiper-lazy\" data-src=\"https:\/\/ecoterraviajes.com\/wp-content\/uploads\/2023\/08\/sinpe-movil-150x150.png\" alt=\"sinpe-movil\" \/><div class=\"swiper-lazy-preloader\"><\/div><\/figure><\/div><div class=\"swiper-slide\" role=\"group\" aria-roledescription=\"slide\" aria-label=\"2 of 3\"><figure class=\"swiper-slide-inner\"><img class=\"swiper-slide-image swiper-lazy\" data-src=\"https:\/\/ecoterraviajes.com\/wp-content\/uploads\/2023\/08\/Master-Card-150x150.png\" alt=\"Master Card\" \/><div class=\"swiper-lazy-preloader\"><\/div><\/figure><\/div><div class=\"swiper-slide\" role=\"group\" aria-roledescription=\"slide\" aria-label=\"3 of 3\"><figure class=\"swiper-slide-inner\"><img class=\"swiper-slide-image swiper-lazy\" data-src=\"https:\/\/ecoterraviajes.com\/wp-content\/uploads\/2023\/08\/Visa-150x150.png\" alt=\"Visa\" \/><div class=\"swiper-lazy-preloader\"><\/div><\/figure><\/div>\t\t\t<\/div>\n\t\t\t\t\t\t\t\t\t\t\t\t<div class=\"elementor-swiper-button elementor-swiper-button-prev\" role=\"button\" tabindex=\"0\">\n\t\t\t\t\t\t<i aria-hidden=\"true\" class=\"eicon-chevron-left\"><\/i>\t\t\t\t\t<\/div>\n\t\t\t\t\t<div class=\"elementor-swiper-button elementor-swiper-button-next\" role=\"button\" tabindex=\"0\">\n\t\t\t\t\t\t<i aria-hidden=\"true\" class=\"eicon-chevron-right\"><\/i>\t\t\t\t\t<\/div>\n\t\t\t\t\n\t\t\t\t\t\t\t\t\t<div class=\"swiper-pagination\"><\/div>\n\t\t\t\t\t\t\t\t\t<\/div>\n\t\t\t\t\t\t<\/div>\n\t\t\t\t<\/div>\n\t\t\t\t\t<\/div>\n\t\t<\/div>\n\t\t\t\t<div class=\"elementor-column elementor-col-50 elementor-inner-column elementor-element elementor-element-bd9cecb\" data-id=\"bd9cecb\" data-element_type=\"column\">\n\t\t\t<div class=\"elementor-widget-wrap elementor-element-populated\">\n\t\t\t\t\t\t<div class=\"elementor-element elementor-element-dd53b2d wpr-fancy-text-slide wpr-advanced-text-style-animated wpr-animated-text-infinite-yes elementor-widget elementor-widget-wpr-advanced-text\" data-id=\"dd53b2d\" data-element_type=\"widget\" data-settings=\"{&quot;anim_loop&quot;:&quot;yes&quot;}\" data-widget_type=\"wpr-advanced-text.default\">\n\t\t\t\t<div class=\"elementor-widget-container\">\n\t\t\t\t\t\n\t\t<h3 class=\"wpr-advanced-text\">\n\n\t\t\t\t\t\n\t\t\t\t\t\t\t<span class=\"wpr-advanced-text-preffix\">Pague con su <\/span>\n\t\t\t\n\t\t<span class=\"wpr-anim-text wpr-anim-text-type-slide\" data-anim-duration=\"1000,2000\" data-anim-loop=\"yes\">\n\t\t\t<span class=\"wpr-anim-text-inner\">\n\t\t\t\t\t\t\t\t\t<b>Metodo favorito<\/b>\n\t\t\t\t\t\t\t<\/span>\n\t\t\t\t\t<\/span>\n\n\t\t\t\t\n\t\t<\/h3>\n\t\t\n\t\t\t\t\t\t<\/div>\n\t\t\t\t<\/div>\n\t\t\t\t\t<\/div>\n\t\t<\/div>\n\t\t\t\t\t<\/div>\n\t\t<\/section>\n\t\t\t\t\t<\/div>\n\t\t<\/div>\n\t\t\t\t\t<\/div>\n\t\t<\/section>\n\t\t\t\t<\/div>\n\t\t","protected":false},"excerpt":{"rendered":"<p>Politicas Politicas Generales Pol\u00edtica de Reservaciones y Cancelaciones: &#9734; &#9734; &#9734; &#9734; &#9734; Las reservas deben confirmarse mediante un dep\u00f3sito. Las cancelaciones pueden estar sujetas a cargos seg\u00fan la antelaci\u00f3n. Se pueden aplicar reembolsos o cambios seg\u00fan las condiciones del proveedor y el tipo de reserva. Pol\u00edtica de Pago: &#9734; &#9734; &#9734; &#9734; &#9734; Los pagos deben efectuarse seg\u00fan los plazos acordados. Se pueden aceptar diversos m\u00e9todos de pago, como tarjetas de cr\u00e9dito, transferencias bancarias, y efectivo. Los precios est\u00e1n sujetos a cambios antes de la confirmaci\u00f3n de la reserva. Pol\u00edtica de Responsabilidad: &#9734; &#9734; &#9734; &#9734; &#9734; La agencia act\u00faa como intermediario entre los clientes y los proveedores. No se hace responsable por problemas fuera de su control, como retrasos en vuelos, cambios de itinerario o condiciones clim\u00e1ticas adversas. Se recomienda a los clientes considerar un seguro de viaje. Pol\u00edtica de Privacidad: &#9734; &#9734; &#9734; &#9734; &#9734; La agencia respeta la privacidad de los clientes y protege sus datos personales seg\u00fan las regulaciones vigentes. Los datos recopilados se utilizan \u00fanicamente para fines de reserva y comunicaci\u00f3n relacionada con el viaje, y no se comparten con terceros sin consentimiento. Pague con su Metodo favorito<\/p>\n","protected":false},"author":1,"featured_media":0,"parent":0,"menu_order":0,"comment_status":"closed","ping_status":"closed","template":"elementor_canvas","meta":{"footnotes":""},"class_list":["post-531","page","type-page","status-publish","hentry"],"_links":{"self":[{"href":"https:\/\/ecoterraviajes.com\/index.php\/wp-json\/wp\/v2\/pages\/531","targetHints":{"allow":["GET"]}}],"collection":[{"href":"https:\/\/ecoterraviajes.com\/index.php\/wp-json\/wp\/v2\/pages"}],"about":[{"href":"https:\/\/ecoterraviajes.com\/index.php\/wp-json\/wp\/v2\/types\/page"}],"author":[{"embeddable":true,"href":"https:\/\/ecoterraviajes.com\/index.php\/wp-json\/wp\/v2\/users\/1"}],"replies":[{"embeddable":true,"href":"https:\/\/ecoterraviajes.com\/index.php\/wp-json\/wp\/v2\/comments?post=531"}],"version-history":[{"count":16,"href":"https:\/\/ecoterraviajes.com\/index.php\/wp-json\/wp\/v2\/pages\/531\/revisions"}],"predecessor-version":[{"id":2325,"href":"https:\/\/ecoterraviajes.com\/index.php\/wp-json\/wp\/v2\/pages\/531\/revisions\/2325"}],"wp:attachment":[{"href":"https:\/\/ecoterraviajes.com\/index.php\/wp-json\/wp\/v2\/media?parent=531"}],"curies":[{"name":"wp","href":"https:\/\/api.w.org\/{rel}","templated":true}]}}