{"id":49,"date":"2022-09-12T12:27:21","date_gmt":"2022-09-12T12:27:21","guid":{"rendered":"https:\/\/demosites.royal-elementor-addons.com\/travel-agency-v1\/?page_id=49"},"modified":"2023-08-23T16:56:23","modified_gmt":"2023-08-23T16:56:23","slug":"unirme-a-un-grupo","status":"publish","type":"page","link":"https:\/\/ecoterraviajes.com\/index.php\/unirme-a-un-grupo\/","title":{"rendered":"Unirme a un grupo"},"content":{"rendered":"\t\t<div data-elementor-type=\"wp-page\" data-elementor-id=\"49\" class=\"elementor elementor-49\">\n\t\t\t\t\t\t<section class=\"elementor-section elementor-top-section elementor-element elementor-element-272356b0 elementor-section-boxed elementor-section-height-default elementor-section-height-default wpr-particle-no wpr-jarallax-no wpr-parallax-no wpr-sticky-section-no\" data-id=\"272356b0\" data-element_type=\"section\">\n\t\t\t\t\t\t<div class=\"elementor-container elementor-column-gap-default\">\n\t\t\t\t\t<div class=\"elementor-column elementor-col-100 elementor-top-column elementor-element elementor-element-4f63bd15\" data-id=\"4f63bd15\" data-element_type=\"column\">\n\t\t\t<div class=\"elementor-widget-wrap elementor-element-populated\">\n\t\t\t\t\t\t<div class=\"elementor-element elementor-element-e2bb3af wpr-advanced-text-style-animated wpr-fancy-text-typing wpr-animated-text-infinite-yes elementor-widget elementor-widget-wpr-advanced-text\" data-id=\"e2bb3af\" data-element_type=\"widget\" data-settings=\"{&quot;anim_loop&quot;:&quot;yes&quot;}\" data-widget_type=\"wpr-advanced-text.default\">\n\t\t\t\t<div class=\"elementor-widget-container\">\n\t\t\t\t\t\n\t\t<h3 class=\"wpr-advanced-text\">\n\n\t\t\t\t\t\n\t\t\t\t\t\t\t<span class=\"wpr-advanced-text-preffix\">Proximos<\/span>\n\t\t\t\n\t\t<span class=\"wpr-anim-text wpr-anim-text-type-typing wpr-anim-text-letters\" data-anim-duration=\"200,2000\" data-anim-loop=\"yes\">\n\t\t\t<span class=\"wpr-anim-text-inner\">\n\t\t\t\t\t\t\t\t\t<b>Grupos disponibles para Viajar<\/b>\n\t\t\t\t\t\t\t<\/span>\n\t\t\t<span class=\"wpr-anim-text-cursor\">|<\/span>\t\t<\/span>\n\n\t\t\t\t\n\t\t<\/h3>\n\t\t\n\t\t\t\t\t\t<\/div>\n\t\t\t\t<\/div>\n\t\t\t\t<section class=\"elementor-section elementor-inner-section elementor-element elementor-element-aba600c elementor-section-boxed elementor-section-height-default elementor-section-height-default wpr-particle-no wpr-jarallax-no wpr-parallax-no wpr-sticky-section-no\" data-id=\"aba600c\" data-element_type=\"section\">\n\t\t\t\t\t\t<div class=\"elementor-container elementor-column-gap-default\">\n\t\t\t\t\t<div class=\"elementor-column elementor-col-50 elementor-inner-column elementor-element elementor-element-3f1009a\" data-id=\"3f1009a\" data-element_type=\"column\">\n\t\t\t<div class=\"elementor-widget-wrap elementor-element-populated\">\n\t\t\t\t\t\t<div class=\"elementor-element elementor-element-4c014357 elementor-widget elementor-widget-text-editor\" data-id=\"4c014357\" data-element_type=\"widget\" data-widget_type=\"text-editor.default\">\n\t\t\t\t<div class=\"elementor-widget-container\">\n\t\t\t\t\t\t\t\t\t<p><style>\/*! elementor - v3.12.1 - 02-04-2023 *\/<br \/>.elementor-heading-title{padding:0;margin:0;line-height:1}.elementor-widget-heading .elementor-heading-title[class*=elementor-size-]>a{color:inherit;font-size:inherit;line-height:inherit}.elementor-widget-heading .elementor-heading-title.elementor-size-small{font-size:15px}.elementor-widget-heading .elementor-heading-title.elementor-size-medium{font-size:19px}.elementor-widget-heading .elementor-heading-title.elementor-size-large{font-size:29px}.elementor-widget-heading .elementor-heading-title.elementor-size-xl{font-size:39px}.elementor-widget-heading .elementor-heading-title.elementor-size-xxl{font-size:59px}<\/style><\/p><h2><img decoding=\"async\" class=\"alignleft\" style=\"color: var( --e-global-color-text ); font-family: var( --e-global-typography-text-font-family ), Sans-serif; font-weight: var( --e-global-typography-text-font-weight ); font-size: 14px;\" title=\"\" src=\"https:\/\/cdn1.parksmedia.wdprapps.disney.com\/resize\/mwImage\/1\/1300\/544\/75\/vision-dam\/digital\/parks-platform\/parks-global-assets\/disneyland\/events\/d100\/entertainment\/DLR_D100_Launch_KeyVisual_40x17-2x1.jpg?2022-12-27T19:50:01+00:00\" alt=\"Tour a Disneylandia\" \/><\/h2><h2>\u00a0<\/h2><div>\u00a0<\/div><p><img fetchpriority=\"high\" decoding=\"async\" src=\"http:\/\/ecoterraviajes.com\/wp-content\/uploads\/2023\/04\/Machu_Picchu_Peru_2018-1024x768.jpg\" sizes=\"(max-width: 960px) 100vw, 960px\" srcset=\"https:\/\/ecoterraviajes.com\/wp-content\/uploads\/2023\/04\/Machu_Picchu_Peru_2018-1024x768.jpg 1024w, https:\/\/ecoterraviajes.com\/wp-content\/uploads\/2023\/04\/Machu_Picchu_Peru_2018-300x225.jpg 300w, https:\/\/ecoterraviajes.com\/wp-content\/uploads\/2023\/04\/Machu_Picchu_Peru_2018-768x576.jpg 768w, https:\/\/ecoterraviajes.com\/wp-content\/uploads\/2023\/04\/Machu_Picchu_Peru_2018-1536x1152.jpg 1536w, https:\/\/ecoterraviajes.com\/wp-content\/uploads\/2023\/04\/Machu_Picchu_Peru_2018-2048x1536.jpg 2048w\" alt=\"Tour a machu picchu\" width=\"960\" height=\"720\" \/><\/p><p><style>\/*! elementor - v3.12.1 - 02-04-2023 *\/<br \/>.elementor-widget-image{text-align:center}.elementor-widget-image a{display:inline-block}.elementor-widget-image a img[src$=\".svg\"]{width:48px}.elementor-widget-image img{vertical-align:middle;display:inline-block}<\/style><\/p><p><style>\/*! elementor - v3.12.1 - 02-04-2023 *\/<br \/>.elementor-widget-divider{--divider-border-style:none;--divider-border-width:1px;--divider-color:#0c0d0e;--divider-icon-size:20px;--divider-element-spacing:10px;--divider-pattern-height:24px;--divider-pattern-size:20px;--divider-pattern-url:none;--divider-pattern-repeat:repeat-x}.elementor-widget-divider .elementor-divider{display:flex}.elementor-widget-divider .elementor-divider__text{font-size:15px;line-height:1;max-width:95%}.elementor-widget-divider .elementor-divider__element{margin:0 var(--divider-element-spacing);flex-shrink:0}.elementor-widget-divider .elementor-icon{font-size:var(--divider-icon-size)}.elementor-widget-divider .elementor-divider-separator{display:flex;margin:0;direction:ltr}.elementor-widget-divider--view-line_icon .elementor-divider-separator,.elementor-widget-divider--view-line_text .elementor-divider-separator{align-items:center}.elementor-widget-divider--view-line_icon .elementor-divider-separator:after,.elementor-widget-divider--view-line_icon .elementor-divider-separator:before,.elementor-widget-divider--view-line_text .elementor-divider-separator:after,.elementor-widget-divider--view-line_text .elementor-divider-separator:before{display:block;content:\"\";border-bottom:0;flex-grow:1;border-top:var(--divider-border-width) var(--divider-border-style) var(--divider-color)}.elementor-widget-divider--element-align-left .elementor-divider .elementor-divider-separator>.elementor-divider__svg:first-of-type{flex-grow:0;flex-shrink:100}.elementor-widget-divider--element-align-left .elementor-divider-separator:before{content:none}.elementor-widget-divider--element-align-left .elementor-divider__element{margin-left:0}.elementor-widget-divider--element-align-right .elementor-divider .elementor-divider-separator>.elementor-divider__svg:last-of-type{flex-grow:0;flex-shrink:100}.elementor-widget-divider--element-align-right .elementor-divider-separator:after{content:none}.elementor-widget-divider--element-align-right .elementor-divider__element{margin-right:0}.elementor-widget-divider:not(.elementor-widget-divider--view-line_text):not(.elementor-widget-divider--view-line_icon) .elementor-divider-separator{border-top:var(--divider-border-width) var(--divider-border-style) var(--divider-color)}.elementor-widget-divider--separator-type-pattern{--divider-border-style:none}.elementor-widget-divider--separator-type-pattern.elementor-widget-divider--view-line .elementor-divider-separator,.elementor-widget-divider--separator-type-pattern:not(.elementor-widget-divider--view-line) .elementor-divider-separator:after,.elementor-widget-divider--separator-type-pattern:not(.elementor-widget-divider--view-line) .elementor-divider-separator:before,.elementor-widget-divider--separator-type-pattern:not([class*=elementor-widget-divider--view]) .elementor-divider-separator{width:100%;min-height:var(--divider-pattern-height);-webkit-mask-size:var(--divider-pattern-size) 100%;mask-size:var(--divider-pattern-size) 100%;-webkit-mask-repeat:var(--divider-pattern-repeat);mask-repeat:var(--divider-pattern-repeat);background-color:var(--divider-color);-webkit-mask-image:var(--divider-pattern-url);mask-image:var(--divider-pattern-url)}.elementor-widget-divider--no-spacing{--divider-pattern-size:auto}.elementor-widget-divider--bg-round{--divider-pattern-repeat:round}.rtl .elementor-widget-divider .elementor-divider__text{direction:rtl}.e-con-inner>.elementor-widget-divider,.e-con>.elementor-widget-divider{width:var(--container-widget-width,100%);--flex-grow:var(--container-widget-flex-grow)}<\/style><\/p>\t\t\t\t\t\t\t\t<\/div>\n\t\t\t\t<\/div>\n\t\t\t\t\t<\/div>\n\t\t<\/div>\n\t\t\t\t<div class=\"elementor-column elementor-col-50 elementor-inner-column elementor-element elementor-element-7878ba3\" data-id=\"7878ba3\" data-element_type=\"column\">\n\t\t\t<div class=\"elementor-widget-wrap elementor-element-populated\">\n\t\t\t\t\t\t<div class=\"elementor-element elementor-element-755dec2 elementor-widget elementor-widget-text-editor\" data-id=\"755dec2\" data-element_type=\"widget\" data-widget_type=\"text-editor.default\">\n\t\t\t\t<div class=\"elementor-widget-container\">\n\t\t\t\t\t\t\t\t\t<h2 style=\"font-family: Roboto, sans-serif; color: #7a7a7a;\">Destinos \u00fanicos<\/h2><h2 style=\"font-family: Roboto, sans-serif; color: #7a7a7a;\">Unete a nuestros paquetes y aprovecha precios especiales<\/h2><p>Al unirte a uno de nuestros viajes en grupo, experimentar\u00e1s una aventura \u00fanica que nunca olvidar\u00e1s. Nuestros gu\u00edas locales expertos te llevar\u00e1n a los lugares m\u00e1s hermosos e interesantes, y te mostrar\u00e1n una perspectiva \u00fanica y aut\u00e9ntica de cada destino.<\/p><p>Podr\u00e1s disfrutar de destinos m\u00e1gicos como Disneyland, sentir la emoci\u00f3n de las maravillas de Machu Picchu, o sumergirte en la rica cultura y belleza natural de Colombia. Adem\u00e1s, nuestros paquetes garantizan una experiencia libre de estr\u00e9s, con alojamiento c\u00f3modo, transporte seguro y actividades divertidas y emocionantes para todos los gustos y necesidades.<\/p><p style=\"box-sizing: border-box; margin-top: 0px; margin-bottom: 0.9rem; color: #7a7a7a; font-family: Roboto, sans-serif; font-size: 14px; font-style: normal; font-variant-ligatures: normal; font-variant-caps: normal; font-weight: 400; letter-spacing: normal; orphans: 2; text-align: start; text-indent: 0px; text-transform: none; widows: 2; word-spacing: 0px; -webkit-text-stroke-width: 0px; white-space: normal; background-color: #ffffff; text-decoration-thickness: initial; text-decoration-style: initial; text-decoration-color: initial;\">Pero lo m\u00e1s importante, te aseguramos que cada viaje en grupo ser\u00e1 una oportunidad para hacer nuevos amigos, compartir emociones y vivencias, y crear recuerdos inolvidables. \u00bfEst\u00e1s listo para unirte a nosotros en esta incre\u00edble aventura? \u00a1Cont\u00e1ctanos hoy mismo y reserva tu viaje con los mejores!<\/p>\t\t\t\t\t\t\t\t<\/div>\n\t\t\t\t<\/div>\n\t\t\t\t<div class=\"elementor-element elementor-element-0158265 elementor-align-center elementor-widget elementor-widget-button\" data-id=\"0158265\" data-element_type=\"widget\" data-widget_type=\"button.default\">\n\t\t\t\t<div class=\"elementor-widget-container\">\n\t\t\t\t\t\t\t\t\t<div class=\"elementor-button-wrapper\">\n\t\t\t\t\t<a class=\"elementor-button elementor-button-link elementor-size-sm\" href=\"#\">\n\t\t\t\t\t\t<span class=\"elementor-button-content-wrapper\">\n\t\t\t\t\t\t\t\t\t<span class=\"elementor-button-text\">Hablar con un Agente de Viajes<\/span>\n\t\t\t\t\t<\/span>\n\t\t\t\t\t<\/a>\n\t\t\t\t<\/div>\n\t\t\t\t\t\t\t\t<\/div>\n\t\t\t\t<\/div>\n\t\t\t\t\t<\/div>\n\t\t<\/div>\n\t\t\t\t\t<\/div>\n\t\t<\/section>\n\t\t\t\t\t<\/div>\n\t\t<\/div>\n\t\t\t\t\t<\/div>\n\t\t<\/section>\n\t\t\t\t<section class=\"elementor-section elementor-top-section elementor-element elementor-element-5496315 elementor-section-boxed elementor-section-height-default elementor-section-height-default wpr-particle-no wpr-jarallax-no wpr-parallax-no wpr-sticky-section-no\" data-id=\"5496315\" data-element_type=\"section\">\n\t\t\t\t\t\t<div class=\"elementor-container elementor-column-gap-default\">\n\t\t\t\t\t<div class=\"elementor-column elementor-col-100 elementor-top-column elementor-element elementor-element-2848b53\" data-id=\"2848b53\" data-element_type=\"column\">\n\t\t\t<div class=\"elementor-widget-wrap elementor-element-populated\">\n\t\t\t\t\t\t<div class=\"elementor-element elementor-element-502793f wpr-advanced-text-style-highlighted wpr-animated-text-infinite-yes elementor-widget elementor-widget-wpr-advanced-text\" data-id=\"502793f\" data-element_type=\"widget\" data-settings=\"{&quot;anim_loop&quot;:&quot;yes&quot;}\" data-widget_type=\"wpr-advanced-text.default\">\n\t\t\t\t<div class=\"elementor-widget-container\">\n\t\t\t\t\t\n\t\t<h3 class=\"wpr-advanced-text\">\n\n\t\t\t\t\t\n\t\t\t\t\t\t\t<span class=\"wpr-advanced-text-preffix\">Listos para la Aventura<\/span>\n\t\t\t\n\t\t<span class=\"wpr-highlighted-text\">\n\t\t\t\t\t\n\t\t\t<span class=\"wpr-highlighted-text-inner\">En este momento<\/span>\n\n\t\t\t<svg xmlns=\"http:\/\/www.w3.org\/2000\/svg\" viewBox=\"0 0 500 150\" class=\"wpr-highlight-underline\" preserveAspectRatio=\"none\">\n\t\t\t\t\t\t\t\t<path d=\"M.68,28.11c110.51-22,247.46-34.55,400.89-14.68,32.94,4.27,64.42,9.74,94.37,16.09\"><\/path>\n\t\t\t\t\t\t\t<\/svg>\n\t\t\t\t\t<\/span>\n\t\t\t\t\n\t\t<\/h3>\n\t\t\n\t\t\t\t\t\t<\/div>\n\t\t\t\t<\/div>\n\t\t\t\t<div class=\"elementor-element elementor-element-01eec71 elementor-widget elementor-widget-text-editor\" data-id=\"01eec71\" data-element_type=\"widget\" data-widget_type=\"text-editor.default\">\n\t\t\t\t<div class=\"elementor-widget-container\">\n\t\t\t\t\t\t\t\t\t<p><span style=\"font-weight: bolder;\">Descubre el mundo m\u00e1s all\u00e1 de tu hogar y vive experiencias \u00fanicas en destinos populares fuera de Costa Rica. Explora la majestuosidad del Machu Picchu, las hermosas playas de Canc\u00fan o la historia de la Ciudad de M\u00e9xico. \u00a1Atr\u00e9vete a explorar lo desconocido y enriquece tu vida!<\/span><\/p>\t\t\t\t\t\t\t\t<\/div>\n\t\t\t\t<\/div>\n\t\t\t\t\t<\/div>\n\t\t<\/div>\n\t\t\t\t\t<\/div>\n\t\t<\/section>\n\t\t\t\t<\/div>\n\t\t","protected":false},"excerpt":{"rendered":"<p>Proximos Grupos disponibles para Viajar | \u00a0 \u00a0 Destinos \u00fanicos Unete a nuestros paquetes y aprovecha precios especiales Al unirte a uno de nuestros viajes en grupo, experimentar\u00e1s una aventura \u00fanica que nunca olvidar\u00e1s. Nuestros gu\u00edas locales expertos te llevar\u00e1n a los lugares m\u00e1s hermosos e interesantes, y te mostrar\u00e1n una perspectiva \u00fanica y aut\u00e9ntica de cada destino. Podr\u00e1s disfrutar de destinos m\u00e1gicos como Disneyland, sentir la emoci\u00f3n de las maravillas de Machu Picchu, o sumergirte en la rica cultura y belleza natural de Colombia. Adem\u00e1s, nuestros paquetes garantizan una experiencia libre de estr\u00e9s, con alojamiento c\u00f3modo, transporte seguro y actividades divertidas y emocionantes para todos los gustos y necesidades. Pero lo m\u00e1s importante, te aseguramos que cada viaje en grupo ser\u00e1 una oportunidad para hacer nuevos amigos, compartir emociones y vivencias, y crear recuerdos inolvidables. \u00bfEst\u00e1s listo para unirte a nosotros en esta incre\u00edble aventura? \u00a1Cont\u00e1ctanos hoy mismo y reserva tu viaje con los mejores! Hablar con un Agente de Viajes Listos para la Aventura En este momento Descubre el mundo m\u00e1s all\u00e1 de tu hogar y vive experiencias \u00fanicas en destinos populares fuera de Costa Rica. Explora la majestuosidad del Machu Picchu, las hermosas playas de Canc\u00fan o la historia de la Ciudad de M\u00e9xico. \u00a1Atr\u00e9vete a explorar lo desconocido y enriquece tu vida!<\/p>\n","protected":false},"author":1,"featured_media":0,"parent":0,"menu_order":0,"comment_status":"closed","ping_status":"closed","template":"","meta":{"footnotes":""},"class_list":["post-49","page","type-page","status-publish","hentry"],"_links":{"self":[{"href":"https:\/\/ecoterraviajes.com\/index.php\/wp-json\/wp\/v2\/pages\/49","targetHints":{"allow":["GET"]}}],"collection":[{"href":"https:\/\/ecoterraviajes.com\/index.php\/wp-json\/wp\/v2\/pages"}],"about":[{"href":"https:\/\/ecoterraviajes.com\/index.php\/wp-json\/wp\/v2\/types\/page"}],"author":[{"embeddable":true,"href":"https:\/\/ecoterraviajes.com\/index.php\/wp-json\/wp\/v2\/users\/1"}],"replies":[{"embeddable":true,"href":"https:\/\/ecoterraviajes.com\/index.php\/wp-json\/wp\/v2\/comments?post=49"}],"version-history":[{"count":38,"href":"https:\/\/ecoterraviajes.com\/index.php\/wp-json\/wp\/v2\/pages\/49\/revisions"}],"predecessor-version":[{"id":2302,"href":"https:\/\/ecoterraviajes.com\/index.php\/wp-json\/wp\/v2\/pages\/49\/revisions\/2302"}],"wp:attachment":[{"href":"https:\/\/ecoterraviajes.com\/index.php\/wp-json\/wp\/v2\/media?parent=49"}],"curies":[{"name":"wp","href":"https:\/\/api.w.org\/{rel}","templated":true}]}}